{"id":1530,"date":"2019-03-29T03:33:43","date_gmt":"2019-03-29T03:33:43","guid":{"rendered":"http:\/\/localhost\/consultax\/?page_id=1530"},"modified":"2026-02-27T13:51:04","modified_gmt":"2026-02-27T12:51:04","slug":"home-1","status":"publish","type":"page","link":"https:\/\/klauseconsulting.com\/","title":{"rendered":"Klause Consulting"},"content":{"rendered":"<div class=\"wpb-content-wrapper\"><p>[vc_row full_width=\u00a0\u00bbstretch_row_content_no_spaces\u00a0\u00bb][vc_column][rev_slider_vc alias=\u00a0\u00bbhome1&Prime;][\/vc_column][\/vc_row][vc_row css=\u00a0\u00bb.vc_custom_1553846835273{background-color: #ffffff !important;}\u00a0\u00bb el_class=\u00a0\u00bbtop-70&Prime;][vc_column][vc_empty_space height=\u00a0\u00bb70px\u00a0\u00bb el_class=\u00a0\u00bblg-hidden\u00a0\u00bb][\/vc_column][vc_column width=\u00a0\u00bb1\/2&Prime; offset=\u00a0\u00bbvc_col-md-3&Prime;]\n        <div class=\"service-box icon-box box-shadow-2 ionic \">\n                <i class=\"ion-md-medal ion-ios-medal ion-logo-medal ion-ios-medal\"><\/i>                <div class=\"content-box\">\n            <h4>Notre Mission<\/h4>\n            <p>Votre ma\u00eetrise des enjeux juridiques, fiscaux, \u00e9conomiques et institutionnels.<\/p>\n                    <\/div>\n    <\/div>\n    \n    [vc_empty_space height=\u00a0\u00bb30px\u00a0\u00bb el_class=\u00a0\u00bblg-hidden\u00a0\u00bb][\/vc_column][vc_column width=\u00a0\u00bb1\/2&Prime; offset=\u00a0\u00bbvc_col-md-3&Prime;]\n        <div class=\"service-box icon-box box-shadow-2 ionic \">\n                <i class=\"ion-md-bulb ion-ios-bulb ion-logo-bulb ion-ios-bulb\"><\/i>                <div class=\"content-box\">\n            <h4>Notre Vision<\/h4>\n            <p>Expert en conseil et formation en l\u00e9gislation, fiscalit\u00e9 et \u00e9conomie p\u00e9troli\u00e8res.<\/p>\n                    <\/div>\n    <\/div>\n    \n    [vc_empty_space height=\u00a0\u00bb30px\u00a0\u00bb el_class=\u00a0\u00bblg-hidden\u00a0\u00bb][\/vc_column][vc_column width=\u00a0\u00bb1\/2&Prime; offset=\u00a0\u00bbvc_col-md-3&Prime;]\n        <div class=\"service-box icon-box box-shadow-2 ionic \">\n                <i class=\"ion-md-cash ion-ios-cash ion-logo-cash ion-ios-cash\"><\/i>                <div class=\"content-box\">\n            <h4>Nos Valeurs<\/h4>\n            <p>Qualit\u00e9 professionnelle, respect des r\u00e8glements, confidentialit\u00e9 et \u00e9thique.<\/p>\n                    <\/div>\n    <\/div>\n    \n    [vc_empty_space height=\u00a0\u00bb30px\u00a0\u00bb el_class=\u00a0\u00bblg-hidden\u00a0\u00bb][\/vc_column][vc_column width=\u00a0\u00bb1\/2&Prime; offset=\u00a0\u00bbvc_col-md-3&Prime;]\n        <div class=\"service-box icon-box box-shadow-2 ionic \">\n                <i class=\"ion-md-headset ion-ios-headset ion-logo-headset ion-ios-headset\"><\/i>                <div class=\"content-box\">\n            <h4>Pourquoi nous ?<\/h4>\n            <p>Expertise, approche strat\u00e9gique et pragmatique, ma\u00eetrise des cadres juridiques.<\/p>\n                    <\/div>\n    <\/div>\n    \n    [\/vc_column][\/vc_row][vc_row equal_height=\u00a0\u00bbyes\u00a0\u00bb content_placement=\u00a0\u00bbmiddle\u00a0\u00bb el_class=\u00a0\u00bbsection-padd\u00a0\u00bb css=\u00a0\u00bb.vc_custom_1554104145825{background-color: #ffffff !important;}\u00a0\u00bb][vc_column][vc_row_inner equal_height=\u00a0\u00bbyes\u00a0\u00bb content_placement=\u00a0\u00bbmiddle\u00a0\u00bb][vc_column_inner css=\u00a0\u00bb.vc_custom_1768388200152{padding-top: 300px !important;padding-bottom: 250px !important;background-image: url(https:\/\/klauseconsulting.com\/wp-content\/uploads\/2026\/01\/Sans-titre-1.jpg?id=2117) !important;background-position: center !important;background-repeat: no-repeat !important;background-size: cover !important;}\u00a0\u00bb offset=\u00a0\u00bbvc_col-md-6&Prime;][\/vc_column_inner][vc_column_inner el_class=\u00a0\u00bbbg-second\u00a0\u00bb offset=\u00a0\u00bbvc_col-md-6&Prime;][vc_empty_space height=\u00a0\u00bb60px\u00a0\u00bb el_class=\u00a0\u00bblg-hidden\u00a0\u00bb][vc_column_text css=\u00a0\u00bb.vc_custom_1768344455281{padding-top: 0px !important;padding-bottom: 0px !important;}\u00a0\u00bb el_class=\u00a0\u00bbpadding-box-2 text-light\u00a0\u00bb]<\/p>\n<h3><b>A propos de nous<\/b><\/h3>\n<p>[\/vc_column_text][vc_column_text css=\u00a0\u00bb.vc_custom_1768344180208{padding-top: 0px !important;padding-bottom: 0px !important;}\u00a0\u00bb el_class=\u00a0\u00bbpadding-box-2 text-light\u00a0\u00bb]<strong>KLAUSE CONSULTING<\/strong> est une soci\u00e9t\u00e9 de conseil sp\u00e9cialis\u00e9e dans l&rsquo;assistance juridique, fiscale, \u00e9conomique et institutionnelle. Son r\u00f4le est d&rsquo;aider les entreprises, les institutions et les investisseurs \u00e0 s\u00e9curiser leurs op\u00e9rations, \u00e0 optimiser leurs strat\u00e9gies et \u00e0 renforcer leur conformit\u00e9 r\u00e9glementaire.<\/p>\n<p><strong>KLAUSE CONSULTING<\/strong> se d\u00e9marque en proposant des solutions fiables, adapt\u00e9es et ax\u00e9es sur la performance durable gr\u00e2ce \u00e0 une expertise approfondie du cadre l\u00e9gal et \u00e9conomique du secteur p\u00e9trolier.<\/p>\n<p><strong>KLAUSE CONSULTING <\/strong>c&rsquo;est aussi la formation sur la l\u00e9gislation, la fiscalit\u00e9 et l&rsquo;\u00e9conomie p\u00e9troli\u00e8re. Formations professionnelles sp\u00e9cialis\u00e9es. Renforcement des comp\u00e9tences des cadres et des d\u00e9cideurs. S\u00e9minaires, ateliers pratiques et formations personnalis\u00e9es. Programmes adapt\u00e9s aux besoins des entreprises et des institutions.[\/vc_column_text][vc_empty_space height=\u00a0\u00bb60px\u00a0\u00bb el_class=\u00a0\u00bblg-hidden\u00a0\u00bb][\/vc_column_inner][\/vc_row_inner][\/vc_column][\/vc_row][vc_row equal_height=\u00a0\u00bbyes\u00a0\u00bb content_placement=\u00a0\u00bbmiddle\u00a0\u00bb el_class=\u00a0\u00bbsection-padd\u00a0\u00bb][vc_column offset=\u00a0\u00bbvc_col-md-9&Prime;]\n    <div class=\"section-head \">\n                <h2 class=\"section-title\">Ce que nous vous proposons<\/h2>\n            <\/div>\n\n[vc_empty_space height=\u00a0\u00bb30px\u00a0\u00bb el_class=\u00a0\u00bbmd-hidden sm-hidden\u00a0\u00bb][\/vc_column][vc_column offset=\u00a0\u00bbvc_col-md-3&Prime;][vc_column_text css=\u00a0\u00bb.vc_custom_1769551447488{padding-top: 13px !important;}\u00a0\u00bb el_class=\u00a0\u00bbtext-right mobile-left\u00a0\u00bb]<a class=\"pagelink gray\" href=\"https:\/\/klauseconsulting.com\/?page_id=1353\">Services<\/a>[\/vc_column_text][\/vc_column][vc_column width=\u00a0\u00bb1\/2&Prime; offset=\u00a0\u00bbvc_col-md-4&Prime;]\n        <div class=\"service-box icon-box  ionic  hover-box\">\n                <i class=\"ion-md-paper ion-logo-paper\"><\/i>                <div class=\"content-box\">\n            <h4>Consultance Juridique<\/h4>\n            <p>Analyses juridiques fiables et adapt\u00e9es, r\u00e9diger, r\u00e9viser et s\u00e9curiser les actes juridiques, pr\u00e9venir et g\u00e9rer les risques juridiques.<\/p>\n            <a class=\"link-box pagelink\" href=\"https:\/\/klauseconsulting.com\/?ot_service=audit-assurance\" target=\"_self\">Lire +<\/a>        <\/div>\n    <\/div>\n    \n    [vc_empty_space height=\u00a0\u00bb30px\u00a0\u00bb][\/vc_column][vc_column width=\u00a0\u00bb1\/2&Prime; offset=\u00a0\u00bbvc_col-md-4&Prime;]\n        <div class=\"service-box icon-box  ionic  hover-box\">\n                <i class=\"ion-md-cash ion-logo-cash\"><\/i>                <div class=\"content-box\">\n            <h4>Fiscalit\u00e9<\/h4>\n            <p><strong>KLAUSE CONSULTING<\/strong> assiste ses clients lors de contr\u00f4les fiscaux et dans leurs \u00e9changes avec l\u2019administration.<\/p>\n            <a class=\"link-box pagelink\" href=\"https:\/\/klauseconsulting.com\/?ot_service=financial-consulting\" target=\"_self\">Lire +<\/a>        <\/div>\n    <\/div>\n    \n    [vc_empty_space height=\u00a0\u00bb30px\u00a0\u00bb][\/vc_column][vc_column width=\u00a0\u00bb1\/2&Prime; offset=\u00a0\u00bbvc_col-md-4&Prime;]\n        <div class=\"service-box icon-box  ionic  hover-box\">\n                <i class=\"ion-md-podium ion-logo-podium\"><\/i>                <div class=\"content-box\">\n            <h4>Economie p\u00e9troli\u00e8re<\/h4>\n            <p>Analyser les projets p\u00e9troliers, \u00e9valuer la rentabilit\u00e9, les co\u00fbts, les risques et les mod\u00e8les contractuels li\u00e9s aux activit\u00e9s p\u00e9troli\u00e8res.<\/p>\n            <a class=\"link-box pagelink\" href=\"https:\/\/klauseconsulting.com\/?ot_service=trades-stocks\" target=\"_self\">Lire +<\/a>        <\/div>\n    <\/div>\n    \n    [vc_empty_space height=\u00a0\u00bb30px\u00a0\u00bb][\/vc_column][vc_column width=\u00a0\u00bb1\/2&Prime; offset=\u00a0\u00bbvc_col-md-4&Prime;][vc_empty_space height=\u00a0\u00bb30px\u00a0\u00bb el_class=\u00a0\u00bblg-hidden\u00a0\u00bb][\/vc_column][vc_column width=\u00a0\u00bb1\/2&Prime; offset=\u00a0\u00bbvc_col-md-4&Prime;][vc_empty_space height=\u00a0\u00bb30px\u00a0\u00bb el_class=\u00a0\u00bblg-hidden md-hidden\u00a0\u00bb][\/vc_column][vc_column width=\u00a0\u00bb1\/2&Prime; offset=\u00a0\u00bbvc_col-md-4&Prime;][\/vc_column][\/vc_row][vc_row el_class=\u00a0\u00bbsection-padd bg-second\u00a0\u00bb css=\u00a0\u00bb.vc_custom_1554172062065{background-image: url(https:\/\/klauseconsulting.com\/wp-content\/uploads\/2019\/04\/bg-home1-2.jpg?id=1623) !important;background-position: center !important;background-repeat: no-repeat !important;background-size: cover !important;}\u00a0\u00bb][vc_column width=\u00a0\u00bb1\/2&Prime;][vc_custom_heading text=\u00a0\u00bbNous contacter<br \/>\npour plus d&rsquo;informations\u00a0\u00bb font_container=\u00a0\u00bbtag:h2|text_align:left|color:%23ffffff\u00a0\u00bb use_theme_fonts=\u00a0\u00bbyes\u00a0\u00bb css=\u00a0\u00bb.vc_custom_1768387275966{margin-bottom: 15px !important;}\u00a0\u00bb][vc_column_text css=\u00a0\u00bb\u00a0\u00bb el_class=\u00a0\u00bbtext-light\u00a0\u00bb]Veuillez nous fournir toutes les informations dont nous avons besoin, et nous vous contacterons d\u00e8s que possible.[\/vc_column_text][\/vc_column][vc_column width=\u00a0\u00bb1\/2&Prime; css=\u00a0\u00bb.vc_custom_1772186760658{background-color: #FFFFFF !important;border-color: #FFFFFF !important;}\u00a0\u00bb]\n<div class=\"wpcf7 no-js\" id=\"wpcf7-f2149-o1\" lang=\"fr-FR\" dir=\"ltr\" data-wpcf7-id=\"2149\">\n<div class=\"screen-reader-response\"><p role=\"status\" aria-live=\"polite\" aria-atomic=\"true\"><\/p> <ul><\/ul><\/div>\n<form action=\"\/index.php?rest_route=%2Fwp%2Fv2%2Fpages%2F1530#wpcf7-f2149-o1\" method=\"post\" class=\"wpcf7-form init\" aria-label=\"Formulaire de contact\" novalidate=\"novalidate\" data-status=\"init\">\n<fieldset class=\"hidden-fields-container\"><input type=\"hidden\" name=\"_wpcf7\" value=\"2149\" \/><input type=\"hidden\" name=\"_wpcf7_version\" value=\"6.1.4\" \/><input type=\"hidden\" name=\"_wpcf7_locale\" value=\"fr_FR\" \/><input type=\"hidden\" name=\"_wpcf7_unit_tag\" value=\"wpcf7-f2149-o1\" \/><input type=\"hidden\" name=\"_wpcf7_container_post\" value=\"0\" \/><input type=\"hidden\" name=\"_wpcf7_posted_data_hash\" value=\"\" \/>\n<\/fieldset>\n<p><label> Votre nom<br \/>\n<span class=\"wpcf7-form-control-wrap\" data-name=\"your-name\"><input size=\"40\" maxlength=\"400\" class=\"wpcf7-form-control wpcf7-text wpcf7-validates-as-required\" autocomplete=\"name\" aria-required=\"true\" aria-invalid=\"false\" value=\"\" type=\"text\" name=\"your-name\" \/><\/span> <\/label>\n<\/p>\n<p><label> Votre e-mail<br \/>\n<span class=\"wpcf7-form-control-wrap\" data-name=\"your-email\"><input size=\"40\" maxlength=\"400\" class=\"wpcf7-form-control wpcf7-email wpcf7-validates-as-required wpcf7-text wpcf7-validates-as-email\" autocomplete=\"email\" aria-required=\"true\" aria-invalid=\"false\" value=\"\" type=\"email\" name=\"your-email\" \/><\/span> <\/label>\n<\/p>\n<p><label> Objet<br \/>\n<span class=\"wpcf7-form-control-wrap\" data-name=\"your-subject\"><input size=\"40\" maxlength=\"400\" class=\"wpcf7-form-control wpcf7-text wpcf7-validates-as-required\" aria-required=\"true\" aria-invalid=\"false\" value=\"\" type=\"text\" name=\"your-subject\" \/><\/span> <\/label>\n<\/p>\n<p><label> Votre message (facultatif)<br \/>\n<span class=\"wpcf7-form-control-wrap\" data-name=\"your-message\"><textarea cols=\"40\" rows=\"10\" maxlength=\"2000\" class=\"wpcf7-form-control wpcf7-textarea\" aria-invalid=\"false\" name=\"your-message\"><\/textarea><\/span> <\/label>\n<\/p>\n<p><input class=\"wpcf7-form-control wpcf7-submit has-spinner\" type=\"submit\" value=\"Envoyer\" \/>\n<\/p><div class=\"wpcf7-response-output\" aria-hidden=\"true\"><\/div>\n<\/form>\n<\/div>\n[\/vc_column][\/vc_row]<\/p>\n<\/div>","protected":false},"excerpt":{"rendered":"<p>[vc_row full_width=\u00a0\u00bbstretch_row_content_no_spaces\u00a0\u00bb][vc_column][rev_slider_vc alias=\u00a0\u00bbhome1&Prime;][\/vc_column][\/vc_row][vc_row css=\u00a0\u00bb.vc_custom_1553846835273{background-color: #ffffff !important;}\u00a0\u00bb el_class=\u00a0\u00bbtop-70&Prime;][vc_column][vc_empty_space height=\u00a0\u00bb70px\u00a0\u00bb el_class=\u00a0\u00bblg-hidden\u00a0\u00bb][\/vc_column][vc_column width=\u00a0\u00bb1\/2&Prime; offset=\u00a0\u00bbvc_col-md-3&Prime;][vc_empty_space height=\u00a0\u00bb30px\u00a0\u00bb el_class=\u00a0\u00bblg-hidden\u00a0\u00bb][\/vc_column][vc_column width=\u00a0\u00bb1\/2&Prime; offset=\u00a0\u00bbvc_col-md-3&Prime;][vc_empty_space height=\u00a0\u00bb30px\u00a0\u00bb el_class=\u00a0\u00bblg-hidden\u00a0\u00bb][\/vc_column][vc_column width=\u00a0\u00bb1\/2&Prime; offset=\u00a0\u00bbvc_col-md-3&Prime;][vc_empty_space height=\u00a0\u00bb30px\u00a0\u00bb el_class=\u00a0\u00bblg-hidden\u00a0\u00bb][\/vc_column][vc_column width=\u00a0\u00bb1\/2&Prime; offset=\u00a0\u00bbvc_col-md-3&Prime;][\/vc_column][\/vc_row][vc_row equal_height=\u00a0\u00bbyes\u00a0\u00bb content_placement=\u00a0\u00bbmiddle\u00a0\u00bb el_class=\u00a0\u00bbsection-padd\u00a0\u00bb css=\u00a0\u00bb.vc_custom_1554104145825{background-color: #ffffff !important;}\u00a0\u00bb][vc_column][vc_row_inner equal_height=\u00a0\u00bbyes\u00a0\u00bb content_placement=\u00a0\u00bbmiddle\u00a0\u00bb][vc_column_inner css=\u00a0\u00bb.vc_custom_1768388200152{padding-top: 300px !important;padding-bottom: 250px !important;background-image: url(https:\/\/klauseconsulting.com\/wp-content\/uploads\/2026\/01\/Sans-titre-1.jpg?id=2117) !important;background-position: center !important;background-repeat: no-repeat !important;background-size: cover !important;}\u00a0\u00bb offset=\u00a0\u00bbvc_col-md-6&Prime;][\/vc_column_inner][vc_column_inner el_class=\u00a0\u00bbbg-second\u00a0\u00bb offset=\u00a0\u00bbvc_col-md-6&Prime;][vc_empty_space height=\u00a0\u00bb60px\u00a0\u00bb el_class=\u00a0\u00bblg-hidden\u00a0\u00bb][vc_column_text css=\u00a0\u00bb.vc_custom_1768344455281{padding-top: 0px !important;padding-bottom: 0px !important;}\u00a0\u00bb el_class=\u00a0\u00bbpadding-box-2 [&hellip;]<\/p>\n","protected":false},"author":1,"featured_media":0,"parent":0,"menu_order":0,"comment_status":"closed","ping_status":"closed","template":"","meta":{"footnotes":""},"class_list":["post-1530","page","type-page","status-publish","hentry"],"yoast_head":"<!-- This site is optimized with the Yoast SEO plugin v27.4 - https:\/\/yoast.com\/product\/yoast-seo-wordpress\/ -->\n<title>Klause Consulting - Klause Consulting<\/title>\n<meta name=\"robots\" content=\"index, follow, max-snippet:-1, max-image-preview:large, max-video-preview:-1\" \/>\n<link rel=\"canonical\" href=\"https:\/\/klauseconsulting.com\/\" \/>\n<meta property=\"og:locale\" content=\"fr_FR\" \/>\n<meta property=\"og:type\" content=\"article\" \/>\n<meta property=\"og:title\" content=\"Klause Consulting - Klause Consulting\" \/>\n<meta property=\"og:description\" content=\"[vc_row full_width=\u00a0\u00bbstretch_row_content_no_spaces\u00a0\u00bb][vc_column][rev_slider_vc alias=\u00a0\u00bbhome1&Prime;][\/vc_column][\/vc_row][vc_row css=\u00a0\u00bb.vc_custom_1553846835273{background-color: #ffffff !important;}\u00a0\u00bb el_class=\u00a0\u00bbtop-70&Prime;][vc_column][vc_empty_space height=\u00a0\u00bb70px\u00a0\u00bb el_class=\u00a0\u00bblg-hidden\u00a0\u00bb][\/vc_column][vc_column width=\u00a0\u00bb1\/2&Prime; offset=\u00a0\u00bbvc_col-md-3&Prime;][vc_empty_space height=\u00a0\u00bb30px\u00a0\u00bb el_class=\u00a0\u00bblg-hidden\u00a0\u00bb][\/vc_column][vc_column width=\u00a0\u00bb1\/2&Prime; offset=\u00a0\u00bbvc_col-md-3&Prime;][vc_empty_space height=\u00a0\u00bb30px\u00a0\u00bb el_class=\u00a0\u00bblg-hidden\u00a0\u00bb][\/vc_column][vc_column width=\u00a0\u00bb1\/2&Prime; offset=\u00a0\u00bbvc_col-md-3&Prime;][vc_empty_space height=\u00a0\u00bb30px\u00a0\u00bb el_class=\u00a0\u00bblg-hidden\u00a0\u00bb][\/vc_column][vc_column width=\u00a0\u00bb1\/2&Prime; offset=\u00a0\u00bbvc_col-md-3&Prime;][\/vc_column][\/vc_row][vc_row equal_height=\u00a0\u00bbyes\u00a0\u00bb content_placement=\u00a0\u00bbmiddle\u00a0\u00bb el_class=\u00a0\u00bbsection-padd\u00a0\u00bb css=\u00a0\u00bb.vc_custom_1554104145825{background-color: #ffffff !important;}\u00a0\u00bb][vc_column][vc_row_inner equal_height=\u00a0\u00bbyes\u00a0\u00bb content_placement=\u00a0\u00bbmiddle\u00a0\u00bb][vc_column_inner css=\u00a0\u00bb.vc_custom_1768388200152{padding-top: 300px !important;padding-bottom: 250px !important;background-image: url(https:\/\/klauseconsulting.com\/wp-content\/uploads\/2026\/01\/Sans-titre-1.jpg?id=2117) !important;background-position: center !important;background-repeat: no-repeat !important;background-size: cover !important;}\u00a0\u00bb offset=\u00a0\u00bbvc_col-md-6&Prime;][\/vc_column_inner][vc_column_inner el_class=\u00a0\u00bbbg-second\u00a0\u00bb offset=\u00a0\u00bbvc_col-md-6&Prime;][vc_empty_space height=\u00a0\u00bb60px\u00a0\u00bb el_class=\u00a0\u00bblg-hidden\u00a0\u00bb][vc_column_text css=\u00a0\u00bb.vc_custom_1768344455281{padding-top: 0px !important;padding-bottom: 0px !important;}\u00a0\u00bb el_class=\u00a0\u00bbpadding-box-2 [&hellip;]\" \/>\n<meta property=\"og:url\" content=\"https:\/\/klauseconsulting.com\/\" \/>\n<meta property=\"og:site_name\" content=\"Klause Consulting\" \/>\n<meta property=\"article:modified_time\" content=\"2026-02-27T12:51:04+00:00\" \/>\n<meta name=\"twitter:card\" content=\"summary_large_image\" \/>\n<meta name=\"twitter:label1\" content=\"Dur\u00e9e de lecture estim\u00e9e\" \/>\n\t<meta name=\"twitter:data1\" content=\"3 minutes\" \/>\n<script type=\"application\/ld+json\" class=\"yoast-schema-graph\">{\"@context\":\"https:\\\/\\\/schema.org\",\"@graph\":[{\"@type\":\"WebPage\",\"@id\":\"https:\\\/\\\/klauseconsulting.com\\\/\",\"url\":\"https:\\\/\\\/klauseconsulting.com\\\/\",\"name\":\"Klause Consulting - Klause Consulting\",\"isPartOf\":{\"@id\":\"https:\\\/\\\/klauseconsulting.com\\\/#website\"},\"datePublished\":\"2019-03-29T03:33:43+00:00\",\"dateModified\":\"2026-02-27T12:51:04+00:00\",\"breadcrumb\":{\"@id\":\"https:\\\/\\\/klauseconsulting.com\\\/#breadcrumb\"},\"inLanguage\":\"fr-FR\",\"potentialAction\":[{\"@type\":\"ReadAction\",\"target\":[\"https:\\\/\\\/klauseconsulting.com\\\/\"]}]},{\"@type\":\"BreadcrumbList\",\"@id\":\"https:\\\/\\\/klauseconsulting.com\\\/#breadcrumb\",\"itemListElement\":[{\"@type\":\"ListItem\",\"position\":1,\"name\":\"Home\",\"item\":\"https:\\\/\\\/klauseconsulting.com\\\/\"},{\"@type\":\"ListItem\",\"position\":2,\"name\":\"Klause Consulting\"}]},{\"@type\":\"WebSite\",\"@id\":\"https:\\\/\\\/klauseconsulting.com\\\/#website\",\"url\":\"https:\\\/\\\/klauseconsulting.com\\\/\",\"name\":\"Klause Consulting\",\"description\":\"\",\"potentialAction\":[{\"@type\":\"SearchAction\",\"target\":{\"@type\":\"EntryPoint\",\"urlTemplate\":\"https:\\\/\\\/klauseconsulting.com\\\/?s={search_term_string}\"},\"query-input\":{\"@type\":\"PropertyValueSpecification\",\"valueRequired\":true,\"valueName\":\"search_term_string\"}}],\"inLanguage\":\"fr-FR\"}]}<\/script>\n<!-- \/ Yoast SEO plugin. -->","yoast_head_json":{"title":"Klause Consulting - Klause Consulting","robots":{"index":"index","follow":"follow","max-snippet":"max-snippet:-1","max-image-preview":"max-image-preview:large","max-video-preview":"max-video-preview:-1"},"canonical":"https:\/\/klauseconsulting.com\/","og_locale":"fr_FR","og_type":"article","og_title":"Klause Consulting - Klause Consulting","og_description":"[vc_row full_width=\u00a0\u00bbstretch_row_content_no_spaces\u00a0\u00bb][vc_column][rev_slider_vc alias=\u00a0\u00bbhome1&Prime;][\/vc_column][\/vc_row][vc_row css=\u00a0\u00bb.vc_custom_1553846835273{background-color: #ffffff !important;}\u00a0\u00bb el_class=\u00a0\u00bbtop-70&Prime;][vc_column][vc_empty_space height=\u00a0\u00bb70px\u00a0\u00bb el_class=\u00a0\u00bblg-hidden\u00a0\u00bb][\/vc_column][vc_column width=\u00a0\u00bb1\/2&Prime; offset=\u00a0\u00bbvc_col-md-3&Prime;][vc_empty_space height=\u00a0\u00bb30px\u00a0\u00bb el_class=\u00a0\u00bblg-hidden\u00a0\u00bb][\/vc_column][vc_column width=\u00a0\u00bb1\/2&Prime; offset=\u00a0\u00bbvc_col-md-3&Prime;][vc_empty_space height=\u00a0\u00bb30px\u00a0\u00bb el_class=\u00a0\u00bblg-hidden\u00a0\u00bb][\/vc_column][vc_column width=\u00a0\u00bb1\/2&Prime; offset=\u00a0\u00bbvc_col-md-3&Prime;][vc_empty_space height=\u00a0\u00bb30px\u00a0\u00bb el_class=\u00a0\u00bblg-hidden\u00a0\u00bb][\/vc_column][vc_column width=\u00a0\u00bb1\/2&Prime; offset=\u00a0\u00bbvc_col-md-3&Prime;][\/vc_column][\/vc_row][vc_row equal_height=\u00a0\u00bbyes\u00a0\u00bb content_placement=\u00a0\u00bbmiddle\u00a0\u00bb el_class=\u00a0\u00bbsection-padd\u00a0\u00bb css=\u00a0\u00bb.vc_custom_1554104145825{background-color: #ffffff !important;}\u00a0\u00bb][vc_column][vc_row_inner equal_height=\u00a0\u00bbyes\u00a0\u00bb content_placement=\u00a0\u00bbmiddle\u00a0\u00bb][vc_column_inner css=\u00a0\u00bb.vc_custom_1768388200152{padding-top: 300px !important;padding-bottom: 250px !important;background-image: url(https:\/\/klauseconsulting.com\/wp-content\/uploads\/2026\/01\/Sans-titre-1.jpg?id=2117) !important;background-position: center !important;background-repeat: no-repeat !important;background-size: cover !important;}\u00a0\u00bb offset=\u00a0\u00bbvc_col-md-6&Prime;][\/vc_column_inner][vc_column_inner el_class=\u00a0\u00bbbg-second\u00a0\u00bb offset=\u00a0\u00bbvc_col-md-6&Prime;][vc_empty_space height=\u00a0\u00bb60px\u00a0\u00bb el_class=\u00a0\u00bblg-hidden\u00a0\u00bb][vc_column_text css=\u00a0\u00bb.vc_custom_1768344455281{padding-top: 0px !important;padding-bottom: 0px !important;}\u00a0\u00bb el_class=\u00a0\u00bbpadding-box-2 [&hellip;]","og_url":"https:\/\/klauseconsulting.com\/","og_site_name":"Klause Consulting","article_modified_time":"2026-02-27T12:51:04+00:00","twitter_card":"summary_large_image","twitter_misc":{"Dur\u00e9e de lecture estim\u00e9e":"3 minutes"},"schema":{"@context":"https:\/\/schema.org","@graph":[{"@type":"WebPage","@id":"https:\/\/klauseconsulting.com\/","url":"https:\/\/klauseconsulting.com\/","name":"Klause Consulting - Klause Consulting","isPartOf":{"@id":"https:\/\/klauseconsulting.com\/#website"},"datePublished":"2019-03-29T03:33:43+00:00","dateModified":"2026-02-27T12:51:04+00:00","breadcrumb":{"@id":"https:\/\/klauseconsulting.com\/#breadcrumb"},"inLanguage":"fr-FR","potentialAction":[{"@type":"ReadAction","target":["https:\/\/klauseconsulting.com\/"]}]},{"@type":"BreadcrumbList","@id":"https:\/\/klauseconsulting.com\/#breadcrumb","itemListElement":[{"@type":"ListItem","position":1,"name":"Home","item":"https:\/\/klauseconsulting.com\/"},{"@type":"ListItem","position":2,"name":"Klause Consulting"}]},{"@type":"WebSite","@id":"https:\/\/klauseconsulting.com\/#website","url":"https:\/\/klauseconsulting.com\/","name":"Klause Consulting","description":"","potentialAction":[{"@type":"SearchAction","target":{"@type":"EntryPoint","urlTemplate":"https:\/\/klauseconsulting.com\/?s={search_term_string}"},"query-input":{"@type":"PropertyValueSpecification","valueRequired":true,"valueName":"search_term_string"}}],"inLanguage":"fr-FR"}]}},"_links":{"self":[{"href":"https:\/\/klauseconsulting.com\/index.php?rest_route=\/wp\/v2\/pages\/1530","targetHints":{"allow":["GET"]}}],"collection":[{"href":"https:\/\/klauseconsulting.com\/index.php?rest_route=\/wp\/v2\/pages"}],"about":[{"href":"https:\/\/klauseconsulting.com\/index.php?rest_route=\/wp\/v2\/types\/page"}],"author":[{"embeddable":true,"href":"https:\/\/klauseconsulting.com\/index.php?rest_route=\/wp\/v2\/users\/1"}],"replies":[{"embeddable":true,"href":"https:\/\/klauseconsulting.com\/index.php?rest_route=%2Fwp%2Fv2%2Fcomments&post=1530"}],"version-history":[{"count":13,"href":"https:\/\/klauseconsulting.com\/index.php?rest_route=\/wp\/v2\/pages\/1530\/revisions"}],"predecessor-version":[{"id":2150,"href":"https:\/\/klauseconsulting.com\/index.php?rest_route=\/wp\/v2\/pages\/1530\/revisions\/2150"}],"wp:attachment":[{"href":"https:\/\/klauseconsulting.com\/index.php?rest_route=%2Fwp%2Fv2%2Fmedia&parent=1530"}],"curies":[{"name":"wp","href":"https:\/\/api.w.org\/{rel}","templated":true}]}}