{"id":1353,"date":"2019-03-26T04:36:15","date_gmt":"2019-03-26T04:36:15","guid":{"rendered":"http:\/\/localhost\/consultax\/?page_id=1353"},"modified":"2026-01-26T01:21:11","modified_gmt":"2026-01-26T00:21:11","slug":"services-with-image","status":"publish","type":"page","link":"https:\/\/klauseconsulting.com\/?page_id=1353","title":{"rendered":"Nos services"},"content":{"rendered":"<div class=\"wpb-content-wrapper\"><p>[vc_row equal_height=\u00a0\u00bbyes\u00a0\u00bb css=\u00a0\u00bb.vc_custom_1554350578915{padding-top: 70px !important;padding-bottom: 100px !important;}\u00a0\u00bb][vc_column width=\u00a0\u00bb1\/2&Prime; offset=\u00a0\u00bbvc_col-md-4&Prime;]\n    <div class=\"service-box image-box \">\n        <img loading=\"lazy\" decoding=\"async\" width=\"750\" height=\"460\" src=\"https:\/\/klauseconsulting.com\/wp-content\/uploads\/2026\/01\/Service.png\" class=\"img-responsive\" alt=\"\" srcset=\"https:\/\/klauseconsulting.com\/wp-content\/uploads\/2026\/01\/Service.png 750w, https:\/\/klauseconsulting.com\/wp-content\/uploads\/2026\/01\/Service-300x184.png 300w\" sizes=\"auto, (max-width: 750px) 100vw, 750px\" \/>        <div class=\"content-box\">\n            <h4>Consultance Juridique<\/h4>\n            <p>KLAUSE CONSULTING offre une expertise de premier plan en mati\u00e8re de consultance juridique et fiscal dans le domaine p\u00e9trolier<\/p>\n            <a class=\"link-box pagelink\" href=\"https:\/\/klauseconsulting.com\/?ot_service=audit-assurance\" target=\"_self\">En savoir +<\/a>        <\/div>\n    <\/div>\n\n    [vc_empty_space height=\u00a0\u00bb30px\u00a0\u00bb][\/vc_column][vc_column width=\u00a0\u00bb1\/2&Prime; offset=\u00a0\u00bbvc_col-md-4&Prime;]\n    <div class=\"service-box image-box \">\n        <img loading=\"lazy\" decoding=\"async\" width=\"750\" height=\"460\" src=\"https:\/\/klauseconsulting.com\/wp-content\/uploads\/2026\/01\/Service1.png\" class=\"img-responsive\" alt=\"\" srcset=\"https:\/\/klauseconsulting.com\/wp-content\/uploads\/2026\/01\/Service1.png 750w, https:\/\/klauseconsulting.com\/wp-content\/uploads\/2026\/01\/Service1-300x184.png 300w\" sizes=\"auto, (max-width: 750px) 100vw, 750px\" \/>        <div class=\"content-box\">\n            <h4>Fiscalit\u00e9<\/h4>\n            <p>Nous avons a une grande exp\u00e9rience des joint-ventures dans le secteur p\u00e9trolier et ont une bonne compr\u00e9hension du secteur p\u00e9trolier.<\/p>\n            <a class=\"link-box pagelink\" href=\"https:\/\/klauseconsulting.com\/?ot_service=financial-consulting\" target=\"_self\">En savoir +<\/a>        <\/div>\n    <\/div>\n\n    [vc_empty_space height=\u00a0\u00bb30px\u00a0\u00bb][\/vc_column][vc_column width=\u00a0\u00bb1\/2&Prime; offset=\u00a0\u00bbvc_col-md-4&Prime;]\n    <div class=\"service-box image-box \">\n        <img loading=\"lazy\" decoding=\"async\" width=\"750\" height=\"460\" src=\"https:\/\/klauseconsulting.com\/wp-content\/uploads\/2026\/01\/Service2.png\" class=\"img-responsive\" alt=\"\" srcset=\"https:\/\/klauseconsulting.com\/wp-content\/uploads\/2026\/01\/Service2.png 750w, https:\/\/klauseconsulting.com\/wp-content\/uploads\/2026\/01\/Service2-300x184.png 300w\" sizes=\"auto, (max-width: 750px) 100vw, 750px\" \/>        <div class=\"content-box\">\n            <h4>Economie P\u00e9troli\u00e8re<\/h4>\n            <p>Assistance \u00e0 la n\u00e9gociation des contrats p\u00e9troliers (Contrats de partage de production, Contrats de vente\/achat de gaz naturel&#8230;<\/p>\n            <a class=\"link-box pagelink\" href=\"https:\/\/klauseconsulting.com\/?ot_service=trades-stocks\" target=\"_self\">En savoir +<\/a>        <\/div>\n    <\/div>\n\n    [vc_empty_space height=\u00a0\u00bb30px\u00a0\u00bb][\/vc_column][\/vc_row]<\/p>\n<\/div>","protected":false},"excerpt":{"rendered":"<p>[vc_row equal_height=\u00a0\u00bbyes\u00a0\u00bb css=\u00a0\u00bb.vc_custom_1554350578915{padding-top: 70px !important;padding-bottom: 100px !important;}\u00a0\u00bb][vc_column width=\u00a0\u00bb1\/2&Prime; offset=\u00a0\u00bbvc_col-md-4&Prime;][vc_empty_space height=\u00a0\u00bb30px\u00a0\u00bb][\/vc_column][vc_column width=\u00a0\u00bb1\/2&Prime; offset=\u00a0\u00bbvc_col-md-4&Prime;][vc_empty_space height=\u00a0\u00bb30px\u00a0\u00bb][\/vc_column][vc_column width=\u00a0\u00bb1\/2&Prime; offset=\u00a0\u00bbvc_col-md-4&Prime;][vc_empty_space height=\u00a0\u00bb30px\u00a0\u00bb][\/vc_column][\/vc_row]<\/p>\n","protected":false},"author":1,"featured_media":0,"parent":0,"menu_order":0,"comment_status":"closed","ping_status":"closed","template":"","meta":{"footnotes":""},"class_list":["post-1353","page","type-page","status-publish","hentry"],"yoast_head":"<!-- This site is optimized with the Yoast SEO plugin v27.4 - https:\/\/yoast.com\/product\/yoast-seo-wordpress\/ -->\n<title>Nos services - Klause Consulting<\/title>\n<meta name=\"robots\" content=\"index, follow, max-snippet:-1, max-image-preview:large, max-video-preview:-1\" \/>\n<link rel=\"canonical\" href=\"https:\/\/klauseconsulting.com\/?page_id=1353\" \/>\n<meta property=\"og:locale\" content=\"fr_FR\" \/>\n<meta property=\"og:type\" content=\"article\" \/>\n<meta property=\"og:title\" content=\"Nos services - Klause Consulting\" \/>\n<meta property=\"og:description\" content=\"[vc_row equal_height=\u00a0\u00bbyes\u00a0\u00bb css=\u00a0\u00bb.vc_custom_1554350578915{padding-top: 70px !important;padding-bottom: 100px !important;}\u00a0\u00bb][vc_column width=\u00a0\u00bb1\/2&Prime; offset=\u00a0\u00bbvc_col-md-4&Prime;][vc_empty_space height=\u00a0\u00bb30px\u00a0\u00bb][\/vc_column][vc_column width=\u00a0\u00bb1\/2&Prime; offset=\u00a0\u00bbvc_col-md-4&Prime;][vc_empty_space height=\u00a0\u00bb30px\u00a0\u00bb][\/vc_column][vc_column width=\u00a0\u00bb1\/2&Prime; offset=\u00a0\u00bbvc_col-md-4&Prime;][vc_empty_space height=\u00a0\u00bb30px\u00a0\u00bb][\/vc_column][\/vc_row]\" \/>\n<meta property=\"og:url\" content=\"https:\/\/klauseconsulting.com\/?page_id=1353\" \/>\n<meta property=\"og:site_name\" content=\"Klause Consulting\" \/>\n<meta property=\"article:modified_time\" content=\"2026-01-26T00:21:11+00:00\" \/>\n<meta name=\"twitter:card\" content=\"summary_large_image\" \/>\n<meta name=\"twitter:label1\" content=\"Dur\u00e9e de lecture estim\u00e9e\" \/>\n\t<meta name=\"twitter:data1\" content=\"1 minute\" \/>\n<script type=\"application\/ld+json\" class=\"yoast-schema-graph\">{\"@context\":\"https:\\\/\\\/schema.org\",\"@graph\":[{\"@type\":\"WebPage\",\"@id\":\"https:\\\/\\\/klauseconsulting.com\\\/?page_id=1353\",\"url\":\"https:\\\/\\\/klauseconsulting.com\\\/?page_id=1353\",\"name\":\"Nos services - Klause Consulting\",\"isPartOf\":{\"@id\":\"https:\\\/\\\/klauseconsulting.com\\\/#website\"},\"datePublished\":\"2019-03-26T04:36:15+00:00\",\"dateModified\":\"2026-01-26T00:21:11+00:00\",\"breadcrumb\":{\"@id\":\"https:\\\/\\\/klauseconsulting.com\\\/?page_id=1353#breadcrumb\"},\"inLanguage\":\"fr-FR\",\"potentialAction\":[{\"@type\":\"ReadAction\",\"target\":[\"https:\\\/\\\/klauseconsulting.com\\\/?page_id=1353\"]}]},{\"@type\":\"BreadcrumbList\",\"@id\":\"https:\\\/\\\/klauseconsulting.com\\\/?page_id=1353#breadcrumb\",\"itemListElement\":[{\"@type\":\"ListItem\",\"position\":1,\"name\":\"Home\",\"item\":\"https:\\\/\\\/klauseconsulting.com\\\/\"},{\"@type\":\"ListItem\",\"position\":2,\"name\":\"Nos services\"}]},{\"@type\":\"WebSite\",\"@id\":\"https:\\\/\\\/klauseconsulting.com\\\/#website\",\"url\":\"https:\\\/\\\/klauseconsulting.com\\\/\",\"name\":\"Klause Consulting\",\"description\":\"\",\"potentialAction\":[{\"@type\":\"SearchAction\",\"target\":{\"@type\":\"EntryPoint\",\"urlTemplate\":\"https:\\\/\\\/klauseconsulting.com\\\/?s={search_term_string}\"},\"query-input\":{\"@type\":\"PropertyValueSpecification\",\"valueRequired\":true,\"valueName\":\"search_term_string\"}}],\"inLanguage\":\"fr-FR\"}]}<\/script>\n<!-- \/ Yoast SEO plugin. -->","yoast_head_json":{"title":"Nos services - Klause Consulting","robots":{"index":"index","follow":"follow","max-snippet":"max-snippet:-1","max-image-preview":"max-image-preview:large","max-video-preview":"max-video-preview:-1"},"canonical":"https:\/\/klauseconsulting.com\/?page_id=1353","og_locale":"fr_FR","og_type":"article","og_title":"Nos services - Klause Consulting","og_description":"[vc_row equal_height=\u00a0\u00bbyes\u00a0\u00bb css=\u00a0\u00bb.vc_custom_1554350578915{padding-top: 70px !important;padding-bottom: 100px !important;}\u00a0\u00bb][vc_column width=\u00a0\u00bb1\/2&Prime; offset=\u00a0\u00bbvc_col-md-4&Prime;][vc_empty_space height=\u00a0\u00bb30px\u00a0\u00bb][\/vc_column][vc_column width=\u00a0\u00bb1\/2&Prime; offset=\u00a0\u00bbvc_col-md-4&Prime;][vc_empty_space height=\u00a0\u00bb30px\u00a0\u00bb][\/vc_column][vc_column width=\u00a0\u00bb1\/2&Prime; offset=\u00a0\u00bbvc_col-md-4&Prime;][vc_empty_space height=\u00a0\u00bb30px\u00a0\u00bb][\/vc_column][\/vc_row]","og_url":"https:\/\/klauseconsulting.com\/?page_id=1353","og_site_name":"Klause Consulting","article_modified_time":"2026-01-26T00:21:11+00:00","twitter_card":"summary_large_image","twitter_misc":{"Dur\u00e9e de lecture estim\u00e9e":"1 minute"},"schema":{"@context":"https:\/\/schema.org","@graph":[{"@type":"WebPage","@id":"https:\/\/klauseconsulting.com\/?page_id=1353","url":"https:\/\/klauseconsulting.com\/?page_id=1353","name":"Nos services - Klause Consulting","isPartOf":{"@id":"https:\/\/klauseconsulting.com\/#website"},"datePublished":"2019-03-26T04:36:15+00:00","dateModified":"2026-01-26T00:21:11+00:00","breadcrumb":{"@id":"https:\/\/klauseconsulting.com\/?page_id=1353#breadcrumb"},"inLanguage":"fr-FR","potentialAction":[{"@type":"ReadAction","target":["https:\/\/klauseconsulting.com\/?page_id=1353"]}]},{"@type":"BreadcrumbList","@id":"https:\/\/klauseconsulting.com\/?page_id=1353#breadcrumb","itemListElement":[{"@type":"ListItem","position":1,"name":"Home","item":"https:\/\/klauseconsulting.com\/"},{"@type":"ListItem","position":2,"name":"Nos services"}]},{"@type":"WebSite","@id":"https:\/\/klauseconsulting.com\/#website","url":"https:\/\/klauseconsulting.com\/","name":"Klause Consulting","description":"","potentialAction":[{"@type":"SearchAction","target":{"@type":"EntryPoint","urlTemplate":"https:\/\/klauseconsulting.com\/?s={search_term_string}"},"query-input":{"@type":"PropertyValueSpecification","valueRequired":true,"valueName":"search_term_string"}}],"inLanguage":"fr-FR"}]}},"_links":{"self":[{"href":"https:\/\/klauseconsulting.com\/index.php?rest_route=\/wp\/v2\/pages\/1353","targetHints":{"allow":["GET"]}}],"collection":[{"href":"https:\/\/klauseconsulting.com\/index.php?rest_route=\/wp\/v2\/pages"}],"about":[{"href":"https:\/\/klauseconsulting.com\/index.php?rest_route=\/wp\/v2\/types\/page"}],"author":[{"embeddable":true,"href":"https:\/\/klauseconsulting.com\/index.php?rest_route=\/wp\/v2\/users\/1"}],"replies":[{"embeddable":true,"href":"https:\/\/klauseconsulting.com\/index.php?rest_route=%2Fwp%2Fv2%2Fcomments&post=1353"}],"version-history":[{"count":4,"href":"https:\/\/klauseconsulting.com\/index.php?rest_route=\/wp\/v2\/pages\/1353\/revisions"}],"predecessor-version":[{"id":2139,"href":"https:\/\/klauseconsulting.com\/index.php?rest_route=\/wp\/v2\/pages\/1353\/revisions\/2139"}],"wp:attachment":[{"href":"https:\/\/klauseconsulting.com\/index.php?rest_route=%2Fwp%2Fv2%2Fmedia&parent=1353"}],"curies":[{"name":"wp","href":"https:\/\/api.w.org\/{rel}","templated":true}]}}